{"id":724,"date":"2013-09-17T03:25:50","date_gmt":"2013-09-17T02:25:50","guid":{"rendered":"http:\/\/trail.camadeira.com\/?page_id=724"},"modified":"2015-09-28T21:34:09","modified_gmt":"2015-09-28T20:34:09","slug":"programa","status":"publish","type":"page","link":"http:\/\/trail.camadeira.com\/?page_id=724","title":{"rendered":"Programa"},"content":{"rendered":"[notice]<strong>20 de Setembro de 2015 &#8211; Domingo <\/strong>&#8211; Data Limite de Inscri\u00e7\u00f5es com oferta\u00a0de T-Shirt[\/notice]\n<p><strong>27 Setembro de 2015 &#8211; Domingo<\/strong>\u00a0&#8211; Data Limite Inscri\u00e7\u00f5es<\/p>\n<p><strong>Sexta-feira, 2 de outubro de 2015<\/strong> &#8211; Secretariado &#8211; Entrega previa de peitorais \u00a0&#8211; <span style=\"text-decoration: underline;\">Das 12h \u00e0s 20h &#8211; Loja Trizone, Rua do Carmo n.\u00ba 66.<\/span><\/p>\n<p><strong>S\u00e1bado, 3 de Outubro de 2015 \u2013 Dia da prova<\/strong><\/p>\n<p>8h00 &#8211; Abertura do secretariado no Centro da Freguesia de Santo Ant\u00f3nio da Serra.<br \/>\n9h10 &#8211; Check-in na \u00e1rea de concentra\u00e7\u00e3o de partida<br \/>\n9h30 \u2013 Partida Prova 23km<br \/>\n9h35 &#8211; Partida do Transporte para a Partida prova 11km<br \/>\n10h30 \u2013 Partida prova 11km no Ch\u00e3o das Aboboreiras.<br \/>\n14h00 \u2013 Previs\u00e3o final da prova, ao que segue-se a cerim\u00f3nia de entrega de pr\u00e9mios.<\/p>\n<p>&nbsp;<\/p>\n","protected":false},"excerpt":{"rendered":"<p>[notice]20 de Setembro de 2015 &#8211; Domingo &#8211; Data Limite de Inscri\u00e7\u00f5es com oferta\u00a0de T-Shirt[\/notice] 27 Setembro de 2015 &#8211; Domingo\u00a0&#8211; Data Limite Inscri\u00e7\u00f5es Sexta-feira, 2 de outubro de 2015 &#8211; Secretariado &#8211; Entrega previa de peitorais \u00a0&#8211; Das 12h \u00e0s 20h &#8211; Loja Trizone, Rua do Carmo n.\u00ba 66. S\u00e1bado, 3 de Outubro de &hellip; <\/p>\n<p><a class=\"more-link btn\" href=\"http:\/\/trail.camadeira.com\/?page_id=724\">Continue a ler<\/a><\/p>\n","protected":false},"author":1,"featured_media":0,"parent":0,"menu_order":1,"comment_status":"closed","ping_status":"closed","template":"","meta":[],"_links":{"self":[{"href":"http:\/\/trail.camadeira.com\/index.php?rest_route=\/wp\/v2\/pages\/724"}],"collection":[{"href":"http:\/\/trail.camadeira.com\/index.php?rest_route=\/wp\/v2\/pages"}],"about":[{"href":"http:\/\/trail.camadeira.com\/index.php?rest_route=\/wp\/v2\/types\/page"}],"author":[{"embeddable":true,"href":"http:\/\/trail.camadeira.com\/index.php?rest_route=\/wp\/v2\/users\/1"}],"replies":[{"embeddable":true,"href":"http:\/\/trail.camadeira.com\/index.php?rest_route=%2Fwp%2Fv2%2Fcomments&post=724"}],"version-history":[{"count":18,"href":"http:\/\/trail.camadeira.com\/index.php?rest_route=\/wp\/v2\/pages\/724\/revisions"}],"predecessor-version":[{"id":1493,"href":"http:\/\/trail.camadeira.com\/index.php?rest_route=\/wp\/v2\/pages\/724\/revisions\/1493"}],"wp:attachment":[{"href":"http:\/\/trail.camadeira.com\/index.php?rest_route=%2Fwp%2Fv2%2Fmedia&parent=724"}],"curies":[{"name":"wp","href":"https:\/\/api.w.org\/{rel}","templated":true}]}}