{"id":1915,"date":"2016-09-07T17:07:07","date_gmt":"2016-09-07T16:07:07","guid":{"rendered":"http:\/\/trail.camadeira.com\/?page_id=1915"},"modified":"2016-10-23T22:57:34","modified_gmt":"2016-10-23T21:57:34","slug":"resultados-2","status":"publish","type":"page","link":"http:\/\/trail.camadeira.com\/?page_id=1915","title":{"rendered":"Resultados Trail Santa Cruz 2016"},"content":{"rendered":"<p><a href=\"http:\/\/trail.camadeira.com\/wp-content\/uploads\/2016\/09\/BANER-RESULTASOS-21K-copy.jpg\"><img loading=\"lazy\" class=\"aligncenter size-full wp-image-1916\" src=\"http:\/\/trail.camadeira.com\/wp-content\/uploads\/2016\/09\/BANER-RESULTASOS-21K-copy.jpg\" alt=\"BANER RESULTASOS 21K copy\" width=\"1575\" height=\"236\" srcset=\"http:\/\/trail.camadeira.com\/wp-content\/uploads\/2016\/09\/BANER-RESULTASOS-21K-copy.jpg 1575w, http:\/\/trail.camadeira.com\/wp-content\/uploads\/2016\/09\/BANER-RESULTASOS-21K-copy-300x45.jpg 300w, http:\/\/trail.camadeira.com\/wp-content\/uploads\/2016\/09\/BANER-RESULTASOS-21K-copy-1024x153.jpg 1024w\" sizes=\"(max-width: 1575px) 100vw, 1575px\" \/><\/a><\/p>\n<ul>\n<li><strong><a href=\"http:\/\/trail.camadeira.com\/wp-content\/uploads\/2016\/09\/GERAL-FEMININA-21KM.pdf\">GERAL FEMININA 21KM<\/a><\/strong><\/li>\n<li><strong><a href=\"http:\/\/trail.camadeira.com\/wp-content\/uploads\/2016\/09\/GERAL-MASCULINA-21KM.pdf\">GERAL MASCULINA 21KM<\/a><\/strong><\/li>\n<li><strong><a href=\"http:\/\/trail.camadeira.com\/wp-content\/uploads\/2016\/09\/ESCAL\u00d5ES-FEM-21KM.pdf\">ESCAL\u00d5ES FEM 21KM<\/a><\/strong><\/li>\n<li><strong><a href=\"http:\/\/trail.camadeira.com\/wp-content\/uploads\/2016\/09\/ESCAL\u00d5ES-MASC-21KM.pdf\">ESCAL\u00d5ES MASC 21KM<\/a><\/strong><\/li>\n<li><strong><a href=\"http:\/\/trail.camadeira.com\/wp-content\/uploads\/2016\/09\/EQUIPAS-21KM1.pdf\">EQUIPAS 21KM<\/a><\/strong><\/li>\n<\/ul>\n<p>&nbsp;<\/p>\n<p>&nbsp;<\/p>\n<p><a href=\"http:\/\/trail.camadeira.com\/wp-content\/uploads\/2016\/09\/BANER-RESULTASOS-10K-copy.jpg\"><img loading=\"lazy\" class=\"aligncenter wp-image-1917\" src=\"http:\/\/trail.camadeira.com\/wp-content\/uploads\/2016\/09\/BANER-RESULTASOS-10K-copy.jpg\" alt=\"BANER RESULTASOS 10K copy\" width=\"724\" height=\"108\" srcset=\"http:\/\/trail.camadeira.com\/wp-content\/uploads\/2016\/09\/BANER-RESULTASOS-10K-copy.jpg 1575w, http:\/\/trail.camadeira.com\/wp-content\/uploads\/2016\/09\/BANER-RESULTASOS-10K-copy-300x45.jpg 300w, http:\/\/trail.camadeira.com\/wp-content\/uploads\/2016\/09\/BANER-RESULTASOS-10K-copy-1024x153.jpg 1024w\" sizes=\"(max-width: 724px) 100vw, 724px\" \/><\/a><\/p>\n<ul>\n<li><strong><a href=\"http:\/\/trail.camadeira.com\/wp-content\/uploads\/2016\/09\/GERAL-FEM-10Km-.pdf\">GERAL FEM 10Km<\/a><\/strong><\/li>\n<li><strong><a href=\"http:\/\/trail.camadeira.com\/wp-content\/uploads\/2016\/09\/GERAL-MASC-10Km-.pdf\">GERAL MASC 10Km<\/a><\/strong><\/li>\n<li><strong><a href=\"http:\/\/trail.camadeira.com\/wp-content\/uploads\/2016\/09\/ESCAL\u00d5ES-FEM-10Km-1.pdf\">ESCAL\u00d5ES FEM 10Km<\/a><\/strong><\/li>\n<li><strong><a href=\"http:\/\/trail.camadeira.com\/wp-content\/uploads\/2016\/09\/ESCAL\u00d5ES-MASC-10KM.pdf\">ESCAL\u00d5ES MASC 10KM<\/a><\/strong><\/li>\n<\/ul>\n","protected":false},"excerpt":{"rendered":"<p>GERAL FEMININA 21KM GERAL MASCULINA 21KM ESCAL\u00d5ES FEM 21KM ESCAL\u00d5ES MASC 21KM EQUIPAS 21KM &nbsp; &nbsp; GERAL FEM 10Km GERAL MASC 10Km ESCAL\u00d5ES FEM 10Km ESCAL\u00d5ES MASC 10KM<\/p>\n","protected":false},"author":1,"featured_media":0,"parent":0,"menu_order":0,"comment_status":"closed","ping_status":"closed","template":"","meta":[],"_links":{"self":[{"href":"http:\/\/trail.camadeira.com\/index.php?rest_route=\/wp\/v2\/pages\/1915"}],"collection":[{"href":"http:\/\/trail.camadeira.com\/index.php?rest_route=\/wp\/v2\/pages"}],"about":[{"href":"http:\/\/trail.camadeira.com\/index.php?rest_route=\/wp\/v2\/types\/page"}],"author":[{"embeddable":true,"href":"http:\/\/trail.camadeira.com\/index.php?rest_route=\/wp\/v2\/users\/1"}],"replies":[{"embeddable":true,"href":"http:\/\/trail.camadeira.com\/index.php?rest_route=%2Fwp%2Fv2%2Fcomments&post=1915"}],"version-history":[{"count":4,"href":"http:\/\/trail.camadeira.com\/index.php?rest_route=\/wp\/v2\/pages\/1915\/revisions"}],"predecessor-version":[{"id":1969,"href":"http:\/\/trail.camadeira.com\/index.php?rest_route=\/wp\/v2\/pages\/1915\/revisions\/1969"}],"wp:attachment":[{"href":"http:\/\/trail.camadeira.com\/index.php?rest_route=%2Fwp%2Fv2%2Fmedia&parent=1915"}],"curies":[{"name":"wp","href":"https:\/\/api.w.org\/{rel}","templated":true}]}}