{"id":1846,"date":"2016-08-31T21:57:58","date_gmt":"2016-08-31T20:57:58","guid":{"rendered":"http:\/\/trail.camadeira.com\/?page_id=1846"},"modified":"2017-02-17T16:10:26","modified_gmt":"2017-02-17T15:10:26","slug":"informacao-tecnica","status":"publish","type":"page","link":"http:\/\/trail.camadeira.com\/?page_id=1846","title":{"rendered":"Informa\u00e7\u00e3o T\u00e9cnica"},"content":{"rendered":"<p><a href=\"http:\/\/trail.camadeira.com\/wp-content\/uploads\/2016\/08\/TABELAS-PASSAGENS-STA-CRUZ-copy.jpg\"><img loading=\"lazy\" class=\"aligncenter size-full wp-image-1847\" src=\"http:\/\/trail.camadeira.com\/wp-content\/uploads\/2016\/08\/TABELAS-PASSAGENS-STA-CRUZ-copy.jpg\" alt=\"TABELAS PASSAGENS STA CRUZ copy\" width=\"974\" height=\"434\" srcset=\"http:\/\/trail.camadeira.com\/wp-content\/uploads\/2016\/08\/TABELAS-PASSAGENS-STA-CRUZ-copy.jpg 974w, http:\/\/trail.camadeira.com\/wp-content\/uploads\/2016\/08\/TABELAS-PASSAGENS-STA-CRUZ-copy-300x134.jpg 300w\" sizes=\"(max-width: 974px) 100vw, 974px\" \/><\/a><\/p>\n","protected":false},"excerpt":{"rendered":"","protected":false},"author":1,"featured_media":0,"parent":0,"menu_order":0,"comment_status":"closed","ping_status":"closed","template":"","meta":[],"_links":{"self":[{"href":"http:\/\/trail.camadeira.com\/index.php?rest_route=\/wp\/v2\/pages\/1846"}],"collection":[{"href":"http:\/\/trail.camadeira.com\/index.php?rest_route=\/wp\/v2\/pages"}],"about":[{"href":"http:\/\/trail.camadeira.com\/index.php?rest_route=\/wp\/v2\/types\/page"}],"author":[{"embeddable":true,"href":"http:\/\/trail.camadeira.com\/index.php?rest_route=\/wp\/v2\/users\/1"}],"replies":[{"embeddable":true,"href":"http:\/\/trail.camadeira.com\/index.php?rest_route=%2Fwp%2Fv2%2Fcomments&post=1846"}],"version-history":[{"count":1,"href":"http:\/\/trail.camadeira.com\/index.php?rest_route=\/wp\/v2\/pages\/1846\/revisions"}],"predecessor-version":[{"id":1848,"href":"http:\/\/trail.camadeira.com\/index.php?rest_route=\/wp\/v2\/pages\/1846\/revisions\/1848"}],"wp:attachment":[{"href":"http:\/\/trail.camadeira.com\/index.php?rest_route=%2Fwp%2Fv2%2Fmedia&parent=1846"}],"curies":[{"name":"wp","href":"https:\/\/api.w.org\/{rel}","templated":true}]}}