{"id":1773,"date":"2016-08-18T22:53:49","date_gmt":"2016-08-18T21:53:49","guid":{"rendered":"http:\/\/trail.camadeira.com\/?page_id=1773"},"modified":"2016-08-25T22:18:41","modified_gmt":"2016-08-25T21:18:41","slug":"percursos-2016","status":"publish","type":"page","link":"http:\/\/trail.camadeira.com\/?page_id=1773","title":{"rendered":"Percursos &#8211; Gr\u00e1ficos 2016"},"content":{"rendered":"<p>Os percursos do Trail Natureza de Santa Cruz apresentam alguns condicionamentos que os interessados devem ter em conta em eventuais reconhecimentos. Existem parciais que ser\u00e3o alvo de alguma limpeza e tamb\u00e9m parciais nos quais poder\u00e3o circular bicicletas, assim como atravessamentos de estradas com circula\u00e7\u00e3o autom\u00f3vel, para os quais dever\u00e3o ter a m\u00e1xima aten\u00e7\u00e3o.<\/p>\n<p>A zona de partida e chegada (primeiros 150 m) da prova principal, no espa\u00e7o em redor do Campo de Futebol do Santo da Serra, ainda n\u00e3o est\u00e1 totalmente dispon\u00edvel. Ser\u00e1 alvo de trabalhos de limpeza nos pr\u00f3ximos dias.<\/p>\n<p><strong>Eventuais reconhecimentos dos percursos \u00e9 da inteira responsabilidade dos interessados, que dever\u00e3o ainda ter em conta as condi\u00e7\u00f5es\u00a0meteorol\u00f3gicas\u00a0e\u00a0material de seguran\u00e7a para caminhar pela montanha.<\/strong><\/p>\n<p><strong>Trail Natureza de Santa Cruz 21Km 800m D+<\/strong><\/p>\n<p><a href=\"http:\/\/trail.camadeira.com\/wp-content\/uploads\/2016\/08\/grafico-21km-copy.jpg\"><img loading=\"lazy\" class=\"wp-image-1804 alignleft\" src=\"http:\/\/trail.camadeira.com\/wp-content\/uploads\/2016\/08\/grafico-21km-copy.jpg\" alt=\"grafico 21km copy\" width=\"604\" height=\"235\" srcset=\"http:\/\/trail.camadeira.com\/wp-content\/uploads\/2016\/08\/grafico-21km-copy.jpg 1262w, http:\/\/trail.camadeira.com\/wp-content\/uploads\/2016\/08\/grafico-21km-copy-300x117.jpg 300w, http:\/\/trail.camadeira.com\/wp-content\/uploads\/2016\/08\/grafico-21km-copy-1024x398.jpg 1024w\" sizes=\"(max-width: 604px) 100vw, 604px\" \/><\/a><\/p>\n<p><iframe loading=\"lazy\" src=\"https:\/\/www.google.com\/maps\/d\/embed?mid=11agxST2XfXPuFxm4uU9kerkBcSQ\" width=\"620\" height=\"480\"><\/iframe><\/p>\n<p><a href=\"http:\/\/trail.camadeira.com\/wp-content\/uploads\/2016\/08\/TNSC-21km-800m-D-final.gpx\">GPX-TNSC 21km 800m D+ final<\/a>\u00a0 |\u00a0<a href=\"http:\/\/trail.camadeira.com\/wp-content\/uploads\/2016\/08\/TNSC-21km-800m-D-final.trk\">TRK TNSC 21km 800m D+ final<\/a>\u00a0|\u00a0<a href=\"http:\/\/trail.camadeira.com\/wp-content\/uploads\/2016\/08\/TNSC-21km-800m-D-.kmz\">KMZ TNSC 21km 800m D+<\/a><\/p>\n<p>&nbsp;<\/p>\n<p><strong>Trail Natureza de Santa Cruz 10Km 110m D+<\/strong><\/p>\n<p><a href=\"http:\/\/trail.camadeira.com\/wp-content\/uploads\/2016\/08\/grafico-10km-TNSC-copy.jpg\"><img loading=\"lazy\" class=\"wp-image-1806 alignleft\" src=\"http:\/\/trail.camadeira.com\/wp-content\/uploads\/2016\/08\/grafico-10km-TNSC-copy.jpg\" alt=\"grafico 10km TNSC copy\" width=\"620\" height=\"267\" srcset=\"http:\/\/trail.camadeira.com\/wp-content\/uploads\/2016\/08\/grafico-10km-TNSC-copy.jpg 1140w, http:\/\/trail.camadeira.com\/wp-content\/uploads\/2016\/08\/grafico-10km-TNSC-copy-300x129.jpg 300w, http:\/\/trail.camadeira.com\/wp-content\/uploads\/2016\/08\/grafico-10km-TNSC-copy-1024x441.jpg 1024w\" sizes=\"(max-width: 620px) 100vw, 620px\" \/><\/a><\/p>\n<p><iframe loading=\"lazy\" src=\"https:\/\/www.google.com\/maps\/d\/embed?mid=1jy-rR8xgXtXmQQHxd_UTIJGxz4w\" width=\"620\" height=\"480\"><\/iframe><\/p>\n<p><a href=\"http:\/\/trail.camadeira.com\/wp-content\/uploads\/2016\/08\/TNSC-10km-110m-D-.gpx\">GPX-TNSC 10km 110m D+ <\/a>\u00a0|\u00a0<a href=\"http:\/\/trail.camadeira.com\/wp-content\/uploads\/2016\/08\/TNSC-10km-110m-D-.kmz\">KMZ-TNSC 10km 110m D+<\/a>\u00a0|\u00a0<a href=\"http:\/\/trail.camadeira.com\/wp-content\/uploads\/2016\/08\/TNSC-10km-110m-D-.trk\">TRK-TNSC 10km 110m D+<\/a><\/p>\n","protected":false},"excerpt":{"rendered":"<p>Os percursos do Trail Natureza de Santa Cruz apresentam alguns condicionamentos que os interessados devem ter em conta em eventuais reconhecimentos. Existem parciais que ser\u00e3o alvo de alguma limpeza e tamb\u00e9m parciais nos quais poder\u00e3o circular bicicletas, assim como atravessamentos de estradas com circula\u00e7\u00e3o autom\u00f3vel, para os quais dever\u00e3o ter a m\u00e1xima aten\u00e7\u00e3o. A zona &hellip; <\/p>\n<p><a class=\"more-link btn\" href=\"http:\/\/trail.camadeira.com\/?page_id=1773\">Continue a ler<\/a><\/p>\n","protected":false},"author":1,"featured_media":0,"parent":0,"menu_order":0,"comment_status":"closed","ping_status":"closed","template":"","meta":[],"_links":{"self":[{"href":"http:\/\/trail.camadeira.com\/index.php?rest_route=\/wp\/v2\/pages\/1773"}],"collection":[{"href":"http:\/\/trail.camadeira.com\/index.php?rest_route=\/wp\/v2\/pages"}],"about":[{"href":"http:\/\/trail.camadeira.com\/index.php?rest_route=\/wp\/v2\/types\/page"}],"author":[{"embeddable":true,"href":"http:\/\/trail.camadeira.com\/index.php?rest_route=\/wp\/v2\/users\/1"}],"replies":[{"embeddable":true,"href":"http:\/\/trail.camadeira.com\/index.php?rest_route=%2Fwp%2Fv2%2Fcomments&post=1773"}],"version-history":[{"count":13,"href":"http:\/\/trail.camadeira.com\/index.php?rest_route=\/wp\/v2\/pages\/1773\/revisions"}],"predecessor-version":[{"id":1828,"href":"http:\/\/trail.camadeira.com\/index.php?rest_route=\/wp\/v2\/pages\/1773\/revisions\/1828"}],"wp:attachment":[{"href":"http:\/\/trail.camadeira.com\/index.php?rest_route=%2Fwp%2Fv2%2Fmedia&parent=1773"}],"curies":[{"name":"wp","href":"https:\/\/api.w.org\/{rel}","templated":true}]}}