{"id":1681,"date":"2016-04-30T23:32:57","date_gmt":"2016-04-30T22:32:57","guid":{"rendered":"http:\/\/trail.camadeira.com\/?page_id=1681"},"modified":"2016-05-18T21:08:08","modified_gmt":"2016-05-18T20:08:08","slug":"lista-de-inscritos","status":"publish","type":"page","link":"http:\/\/trail.camadeira.com\/?page_id=1681","title":{"rendered":"Lista de Inscritos"},"content":{"rendered":"<p style=\"text-align: left;\"><strong>Lista de Inscri\u00e7\u00f5es confirmadas com o respetivo pagamento 18-05-2016<\/strong><\/p>\n<p>A confirma\u00e7\u00e3o da\u00a0inscri\u00e7\u00e3o feita no formul\u00e1rio concretiza-se com o envio do comprovativo de pagamento para o email: trailzmm@gmail.com<\/p>\n<p>Os dados para o pagamento exclusivamente por transfer\u00eancia banc\u00e1ria est\u00e3o dispon\u00edveis na informa\u00e7\u00e3o das Inscri\u00e7\u00f5es <strong><span style=\"text-decoration: underline;\"><a href=\"http:\/\/trail.camadeira.com\/?page_id=1663\" target=\"_blank\">AQUI<\/a><\/span><\/strong><\/p>\n<p><strong>Verifique a Lista de Inscritos e caso tenha enviado o comprovativo de pagamento e o seu nome n\u00e3o esteja referenciado por favor informe por email para: trailzmm@gmail.com,<\/strong><\/p>\n<p><a href=\"http:\/\/trail.camadeira.com\/wp-content\/uploads\/2016\/04\/TRAIL-ZMM-LISTA-INSCRITOS-18-MAIO.jpg\"><img loading=\"lazy\" class=\"aligncenter size-full wp-image-1744\" src=\"http:\/\/trail.camadeira.com\/wp-content\/uploads\/2016\/04\/TRAIL-ZMM-LISTA-INSCRITOS-18-MAIO.jpg\" alt=\"TRAIL ZMM LISTA INSCRITOS 18 MAIO\" width=\"555\" height=\"3830\" \/><\/a><\/p>\n<p>&nbsp;<\/p>\n","protected":false},"excerpt":{"rendered":"<p>Lista de Inscri\u00e7\u00f5es confirmadas com o respetivo pagamento 18-05-2016 A confirma\u00e7\u00e3o da\u00a0inscri\u00e7\u00e3o feita no formul\u00e1rio concretiza-se com o envio do comprovativo de pagamento para o email: trailzmm@gmail.com Os dados para o pagamento exclusivamente por transfer\u00eancia banc\u00e1ria est\u00e3o dispon\u00edveis na informa\u00e7\u00e3o das Inscri\u00e7\u00f5es AQUI Verifique a Lista de Inscritos e caso tenha enviado o comprovativo de &hellip; <\/p>\n<p><a class=\"more-link btn\" href=\"http:\/\/trail.camadeira.com\/?page_id=1681\">Continue a ler<\/a><\/p>\n","protected":false},"author":1,"featured_media":0,"parent":0,"menu_order":0,"comment_status":"closed","ping_status":"closed","template":"","meta":[],"_links":{"self":[{"href":"http:\/\/trail.camadeira.com\/index.php?rest_route=\/wp\/v2\/pages\/1681"}],"collection":[{"href":"http:\/\/trail.camadeira.com\/index.php?rest_route=\/wp\/v2\/pages"}],"about":[{"href":"http:\/\/trail.camadeira.com\/index.php?rest_route=\/wp\/v2\/types\/page"}],"author":[{"embeddable":true,"href":"http:\/\/trail.camadeira.com\/index.php?rest_route=\/wp\/v2\/users\/1"}],"replies":[{"embeddable":true,"href":"http:\/\/trail.camadeira.com\/index.php?rest_route=%2Fwp%2Fv2%2Fcomments&post=1681"}],"version-history":[{"count":38,"href":"http:\/\/trail.camadeira.com\/index.php?rest_route=\/wp\/v2\/pages\/1681\/revisions"}],"predecessor-version":[{"id":1746,"href":"http:\/\/trail.camadeira.com\/index.php?rest_route=\/wp\/v2\/pages\/1681\/revisions\/1746"}],"wp:attachment":[{"href":"http:\/\/trail.camadeira.com\/index.php?rest_route=%2Fwp%2Fv2%2Fmedia&parent=1681"}],"curies":[{"name":"wp","href":"https:\/\/api.w.org\/{rel}","templated":true}]}}