{"id":1663,"date":"2016-04-29T23:31:39","date_gmt":"2016-04-29T22:31:39","guid":{"rendered":"http:\/\/trail.camadeira.com\/?page_id=1663"},"modified":"2017-05-16T11:46:06","modified_gmt":"2017-05-16T10:46:06","slug":"inscricoes-trail-zmm","status":"publish","type":"page","link":"http:\/\/trail.camadeira.com\/?page_id=1663","title":{"rendered":"Inscri\u00e7\u00f5es Trail ZMM"},"content":{"rendered":"<p>&nbsp;<\/p>\n<p><strong><a href=\"https:\/\/docs.google.com\/forms\/d\/e\/1FAIpQLSeXQvgG038lzkeKmHpHcAfNGUlQPx4XDgCf5hEKhprBmUZmBg\/viewform\" target=\"_blank\">[important]INSCRI\u00c7\u00d5ES <span style=\"text-decoration: underline;\">AQUI<\/span>[\/important]<\/a><\/strong><\/p>\n<p>As inscri\u00e7\u00f5es abertas aos interessados s\u00e3o em n\u00famero limitado a 200 participantes e t\u00eam uma taxa de 5\u00a0euros, que inclui a participa\u00e7\u00e3o na prova, acesso ao abastecimento interm\u00e9dio e lanche final e seguro de acidentes pessoais de acordo com as exig\u00eancias legais.<\/p>\n<p>O processo de registo de inscri\u00e7\u00f5es\u00a0encerra quando atingir o limite de inscri\u00e7\u00f5es ou no dia 22 de maio de 2017, impreterivelmente.<\/p>\n<p>A confirma\u00e7\u00e3o da inscri\u00e7\u00e3o feita on-line e disponibiliza\u00e7\u00e3o na lista de inscritos \u00e9 feita mediante o pagamento por transfer\u00eancia banc\u00e1ria e envio do comprovativo com a identifica\u00e7\u00e3o do atleta (s) para o seguinte contato eletr\u00f3nico: <a href=\"mailto:trailzmm@gmail.com\">trailzmm@gmail.com<\/a><\/p>\n<p>O n\u00famero total de participantes inclui as inscri\u00e7\u00f5es abertas e os convidados da entidade organizadora, a Zona Militar da Madeira.<\/p>\n<p>A aceita\u00e7\u00e3o de inscri\u00e7\u00f5es extra as defini\u00e7\u00f5es acima divulgadas \u00e9 da inteira responsabilidade da organiza\u00e7\u00e3o.<\/p>\n<p><u>\u00c9 poss\u00edvel pagar um conjunto de inscri\u00e7\u00f5es<\/u>, para o efeito, os grupos interessados devem identificar no envio do comprovativo todos os atletas a que se refere o pagamento.<\/p>\n<p>A inscri\u00e7\u00e3o no evento pressup\u00f5e a aceita\u00e7\u00e3o de todas as regras estabelecidas pela organiza\u00e7\u00e3o, em regulamento e em outras indica\u00e7\u00f5es adicionais fornecidas at\u00e9 \u00e0 sua integral realiza\u00e7\u00e3o.<\/p>\n<p><strong>A inscri\u00e7\u00e3o ser\u00e1 aceite por ordem de rececionamento da informa\u00e7\u00e3o do pagamento<\/strong>.<\/p>\n<p>Dados para pagamento:<\/p>\n<p>CAMadeira<\/p>\n<p>Banco Millennium BCP<br \/>\nNIB: 003300000004833716327<br \/>\nIBAN: PT50.003300000004833716327<br \/>\n<a href=\"http:\/\/www.fpo.pt\/www\/index.php?option=com_content&amp;task=view&amp;id=25&amp;Itemid=48\">SWIFT\/BIC: BCOMPTPL<\/a><\/p>\n<ul>\n<li>A lista de inscritos ser\u00e1 publicada regularmente at\u00e9 ao fecho de inscri\u00e7\u00f5es.<\/li>\n<li>Os dados fornecidos na inscri\u00e7\u00e3o s\u00e3o da responsabilidade do participante e s\u00e3o os referenciados para efeitos de seguro.<\/li>\n<li>A organiza\u00e7\u00e3o pode solicitar a identifica\u00e7\u00e3o do participante, sempre que julgar necess\u00e1rio, no processo de registo no secret\u00e1rio ou, antes ou no final da prova.<\/li>\n<li>Os participantes que tenham SI-Card (Chip) Sportident pr\u00f3prio podem utiliz\u00e1-lo nesta prova, indicando para isso o n\u00famero do mesmo, aquando da sua inscri\u00e7\u00e3o.<\/li>\n<li><\/li>\n<li>No caso de desist\u00eancia de inscri\u00e7\u00f5es confirmadas, a devolu\u00e7\u00e3o da taxa de inscri\u00e7\u00e3o pela organiza\u00e7\u00e3o depende da data de comunica\u00e7\u00e3o da desist\u00eancia e ser\u00e1 efetuada de acordo com o seguinte:<\/li>\n<li>At\u00e9 dia 22\u00a0de Maio \u2013 devolu\u00e7\u00e3o do valor total da taxa (a partir da semana seguinte ao evento e num prazo m\u00e1ximo de 90 dias).<\/li>\n<li>Ap\u00f3s o dia 22\u00a0de Maio de 2017 n\u00e3o h\u00e1 devolu\u00e7\u00e3o da taxa de inscri\u00e7\u00e3o.<\/li>\n<li>Todas as inscri\u00e7\u00f5es n\u00e3o pagas at\u00e9 final do dia 22\u00a0de maio, ser\u00e3o canceladas e disponibilizadas a eventuais interessados.<\/li>\n<li>Em caso de cancelamento da prova por motivo de for\u00e7a maior, nomeadamente, alertas de tempo, cat\u00e1strofe ou conflitos generalizados e que impe\u00e7am a realiza\u00e7\u00e3o da prova ou outros que a organiza\u00e7\u00e3o considere, ser\u00e1 devolvido 50% do valor da taxa de inscri\u00e7\u00e3o, se reclamada at\u00e9 90 dias ap\u00f3s a data do evento.<\/li>\n<li>Em caso de condi\u00e7\u00f5es climat\u00e9ricas adversas que impe\u00e7am a realiza\u00e7\u00e3o parcial ou total do percurso, no pr\u00f3prio dia do evento, o valor pago pelas inscri\u00e7\u00f5es n\u00e3o ser\u00e1 devolvido.<\/li>\n<\/ul>\n","protected":false},"excerpt":{"rendered":"<p>&nbsp; [important]INSCRI\u00c7\u00d5ES AQUI[\/important] As inscri\u00e7\u00f5es abertas aos interessados s\u00e3o em n\u00famero limitado a 200 participantes e t\u00eam uma taxa de 5\u00a0euros, que inclui a participa\u00e7\u00e3o na prova, acesso ao abastecimento interm\u00e9dio e lanche final e seguro de acidentes pessoais de acordo com as exig\u00eancias legais. O processo de registo de inscri\u00e7\u00f5es\u00a0encerra quando atingir o limite &hellip; <\/p>\n<p><a class=\"more-link btn\" href=\"http:\/\/trail.camadeira.com\/?page_id=1663\">Continue a ler<\/a><\/p>\n","protected":false},"author":1,"featured_media":0,"parent":0,"menu_order":0,"comment_status":"closed","ping_status":"closed","template":"","meta":[],"_links":{"self":[{"href":"http:\/\/trail.camadeira.com\/index.php?rest_route=\/wp\/v2\/pages\/1663"}],"collection":[{"href":"http:\/\/trail.camadeira.com\/index.php?rest_route=\/wp\/v2\/pages"}],"about":[{"href":"http:\/\/trail.camadeira.com\/index.php?rest_route=\/wp\/v2\/types\/page"}],"author":[{"embeddable":true,"href":"http:\/\/trail.camadeira.com\/index.php?rest_route=\/wp\/v2\/users\/1"}],"replies":[{"embeddable":true,"href":"http:\/\/trail.camadeira.com\/index.php?rest_route=%2Fwp%2Fv2%2Fcomments&post=1663"}],"version-history":[{"count":7,"href":"http:\/\/trail.camadeira.com\/index.php?rest_route=\/wp\/v2\/pages\/1663\/revisions"}],"predecessor-version":[{"id":2098,"href":"http:\/\/trail.camadeira.com\/index.php?rest_route=\/wp\/v2\/pages\/1663\/revisions\/2098"}],"wp:attachment":[{"href":"http:\/\/trail.camadeira.com\/index.php?rest_route=%2Fwp%2Fv2%2Fmedia&parent=1663"}],"curies":[{"name":"wp","href":"https:\/\/api.w.org\/{rel}","templated":true}]}}